{"id":8816,"date":"2025-06-04T06:43:45","date_gmt":"2025-06-04T06:43:45","guid":{"rendered":"https:\/\/www.catelli.ca\/en\/?page_id=8816"},"modified":"2025-06-04T07:38:22","modified_gmt":"2025-06-04T07:38:22","slug":"fighting-against-forced-labour-and-child-labour-in-supply-chains-act","status":"publish","type":"page","link":"https:\/\/www.catelli.ca\/fr\/loi-de-lutte-contre-le-travail-force-et-le-travail-des-enfants-dans-les-chaines-dapprovisionnement\/","title":{"rendered":"Loi de lutte contre le travail forc\u00e9 et le travail des enfants dans les cha\u00eenes d&rsquo;approvisionnement"},"content":{"rendered":"<p>Ce rapport est \u00e9tabli au nom de Barilla Canada, Inc. (\u00ab BCI \u00bb) et de Catelli Montr\u00e9al, Inc. (\u00ab CMI \u00bb) en vertu de l&rsquo;article 11 de la Loi sur la lutte contre le travail forc\u00e9 et le travail des enfants dans les cha\u00eenes d&rsquo;approvisionnement, couvrant l&rsquo;exercice financier du 1er janvier 2024 au 31 d\u00e9cembre 2024. <\/p>\n<h4><strong>Structure, activit\u00e9s et cha\u00eenes d&rsquo;approvisionnement  <\/strong><\/h4>\n<p><strong>Structure  <\/strong><br \/>\nBCI et CMI sont des filiales \u00e0 part enti\u00e8re du Groupe Barilla (\u00ab Barilla \u00bb), une entreprise priv\u00e9e et familiale fond\u00e9e \u00e0 Parme, en Italie, en 1877. BCI est une soci\u00e9t\u00e9 constitu\u00e9e en vertu de la Loi sur les soci\u00e9t\u00e9s par actions (Ontario). CMI est une soci\u00e9t\u00e9 f\u00e9d\u00e9rale constitu\u00e9e en vertu de la Loi canadienne sur les soci\u00e9t\u00e9s par actions. <\/p>\n<p><strong>Activit\u00e9s <\/strong><br \/>\nBCI vend des produits de p\u00e2tes au Canada sous les marques Barilla, Catelli, Lancia et No Yolks. CMI poss\u00e8de une usine de production \u00e0 Montr\u00e9al, au Qu\u00e9bec. BCI et CMI emploient plus de 200 employ\u00e9s en Ontario et au Qu\u00e9bec. BCI importe \u00e9galement des produits d&rsquo;Italie et des \u00c9tats-Unis pour les vendre au Canada. <\/p>\n<p><strong>Cha\u00eenes d&rsquo;approvisionnement <\/strong><br \/>\nEn choisissant ses fournisseurs, Barilla donne la pr\u00e9f\u00e9rence \u00e0 ceux qui respectent les droits de l&rsquo;homme. Conform\u00e9ment au Code d&rsquo;\u00e9thique de Barilla, Barilla s&rsquo;engage \u00e0 ne pas utiliser, m\u00eame indirectement, le travail forc\u00e9 et obligatoire ni le travail des enfants. Cela inclut l&rsquo;utilisation de travail forc\u00e9 ou de travail des enfants dans l&rsquo;une quelconque des cha\u00eenes d&rsquo;approvisionnement de Barilla. Les fournisseurs de Barilla doivent se conformer au Code d&rsquo;\u00e9thique de Barilla et aux lois des pays dans lesquels Barilla op\u00e8re, y compris les lois sur le travail des enfants et le travail forc\u00e9. Les fournisseurs de mat\u00e9riel promotionnel sont p\u00e9riodiquement audit\u00e9s conform\u00e9ment au Code d&rsquo;\u00e9thique. Les cha\u00eenes d&rsquo;approvisionnement de BCI et de CMI ne pr\u00e9sentent pas un risque \u00e9lev\u00e9 de travail forc\u00e9 ou de travail des enfants. <\/p>\n<h4><strong>Politiques de l&rsquo;entit\u00e9 et diligence raisonnable <\/strong><\/h4>\n<p>Le Code d&rsquo;\u00e9thique de Barilla, qui lie tout le personnel de Barilla et ses fournisseurs, interdit explicitement l&rsquo;exploitation du travail forc\u00e9 ou du travail des enfants, que ce soit directement ou indirectement. Barilla impose \u00e0 ses fournisseurs de respecter son Code d&rsquo;\u00e9thique et les exigences l\u00e9gales des pays dans lesquels ils op\u00e8rent, y compris les lois concernant le travail forc\u00e9 ou le travail des enfants, par le biais de contrats \u00e9crits. Barilla effectue une diligence raisonnable en utilisant des outils de tiers pour d\u00e9terminer s&rsquo;il existe des jugements contre des fournisseurs pour des violations des lois concernant le travail forc\u00e9 ou le travail des enfants. En cas de jugements contre un fournisseur, Barilla prendra toutes les mesures n\u00e9cessaires pour se conformer \u00e0 son Code d&rsquo;\u00e9thique. L&rsquo;entreprise effectue \u00e9galement des audits de qualit\u00e9 et des visites dans les lieux de ses fournisseurs directs tout en maintenant un partenariat \u00e9troit avec eux. <\/p>\n<p>En 2011, Barilla a rejoint Sedex (Suppliers Ethical Data Exchange), une plateforme en ligne facilitant l&rsquo;\u00e9change d&rsquo;informations entre fournisseurs et clients dans quatre domaines critiques : normes de travail, sant\u00e9 et s\u00e9curit\u00e9, pratiques environnementales et int\u00e9grit\u00e9 commerciale. Depuis 2012, Barilla a impos\u00e9 \u00e0 tous les fournisseurs bas\u00e9s dans des pays \u00e0 haut risque ou \u00e0 faible r\u00e9glementation de participer \u00e0 cette initiative, les obligeant \u00e0 partager des auto-\u00e9valuations et des proc\u00e9dures d&rsquo;audit concernant ces points focaux. <\/p>\n<p>Barilla s&rsquo;engage \u00e0 enqu\u00eater rapidement sur tout signalement de travail forc\u00e9 ou de travail des enfants au sein de sa cha\u00eene d&rsquo;approvisionnement et agira promptement contre tout fournisseur impliqu\u00e9 dans de telles pratiques. Elle n&rsquo;entretiendra des relations commerciales qu&rsquo;avec des fournisseurs acceptant les conditions \u00e9nonc\u00e9es dans le Code d&rsquo;\u00e9thique. Si Barilla identifie des actions ou des conditions contraires au Code d&rsquo;\u00e9thique, elle se r\u00e9serve le droit d&rsquo;imposer des mesures correctives ou de mettre fin \u00e0 la relation commerciale. De plus, Barilla a le pouvoir de mener des inspections surprises des fournisseurs et de leurs op\u00e9rations commerciales tout au long de la cha\u00eene d&rsquo;approvisionnement. Si un employ\u00e9 constate une violation potentielle du Code d&rsquo;\u00e9thique ou des lois applicables, il est tenu de signaler de tels cas. Les employ\u00e9s travaillant avec des fournisseurs non conformes seront soumis \u00e0 des mesures disciplinaires, y compris un licenciement \u00e9ventuel, s&rsquo;ils sont reconnus comme ayant eu connaissance ou auraient d\u00fb avoir connaissance de l&rsquo;implication du fournisseur dans le travail forc\u00e9 ou le travail des enfants. <\/p>\n<h4><strong>Entit\u00e9 Risques et Gestion des Affaires et de la Cha\u00eene d&rsquo;Approvisionnement<\/strong><\/h4>\n<p>Barilla s&rsquo;engage fermement \u00e0 respecter les droits des travailleurs \u00e0 tous les niveaux, y compris dans sa cha\u00eene d&rsquo;approvisionnement, en prenant une position ferme contre le travail forc\u00e9 ou le travail des enfants. Dans le cadre de cet engagement, Barilla a d\u00e9velopp\u00e9 des outils et des proc\u00e9dures appropri\u00e9s pour aborder, g\u00e9rer et surveiller les activit\u00e9s au sein de sa cha\u00eene d&rsquo;approvisionnement. Depuis 2011, Barilla participe activement au Pacte mondial des Nations Unies, la plus grande initiative volontaire de citoyennet\u00e9 d&rsquo;entreprise au monde. De plus, Barilla s&rsquo;est engag\u00e9e \u00e0 respecter plusieurs cadres internationaux d\u00e9di\u00e9s \u00e0 la protection des droits de l&rsquo;homme, y compris la D\u00e9claration universelle des droits de l&rsquo;homme des Nations Unies, les Conventions fondamentales et Recommandations de l&rsquo;Organisation internationale du Travail, et la Charte de la Terre, publi\u00e9e par le Conseil de la Terre. <\/p>\n<p>Dans les cha\u00eenes d&rsquo;approvisionnement o\u00f9 des probl\u00e8mes de droits de l&rsquo;homme peuvent survenir, Barilla d\u00e9veloppe des projets sp\u00e9cifiques ou demande des certifications externes aux fournisseurs pour v\u00e9rifier la conformit\u00e9 aux normes \u00e9thiques et sociales internationales concernant le travail des enfants ou le travail forc\u00e9. Les cha\u00eenes d&rsquo;approvisionnement de BCI et CMI ne pr\u00e9sentent pas un risque \u00e9lev\u00e9 de travail des enfants ou de travail forc\u00e9. Cependant, Barilla surveille le risque inh\u00e9rent global de ses cha\u00eenes d&rsquo;approvisionnement pour toute indication que les facteurs de risque ont chang\u00e9. <\/p>\n<h4><strong>Mesures Correctives pour l&rsquo;\u00c9limination du Travail Forc\u00e9 ou du Travail des Enfants <\/strong><\/h4>\n<p>Barilla a pris des mesures pour rem\u00e9dier au travail forc\u00e9 ou au travail des enfants dans ses cha\u00eenes d&rsquo;approvisionnement. Barilla continuera d&rsquo;identifier et de combler les lacunes dans sa r\u00e9ponse. <\/p>\n<p>Barilla dispose d&rsquo;un m\u00e9canisme de plainte pour traiter les all\u00e9gations de travail forc\u00e9 ou de travail des enfants. Ce m\u00e9canisme est bas\u00e9 sur le Code d&rsquo;\u00c9thique de Barilla. Le Code d&rsquo;\u00c9thique est contraignant pour tous les employ\u00e9s de Barilla, les collaborateurs externes, les consultants et les fournisseurs. Le Code d&rsquo;\u00c9thique interdit de tirer profit, m\u00eame indirectement, du travail forc\u00e9 et obligatoire ou du travail des enfants. Pour faire respecter le Code d&rsquo;\u00c9thique, Barilla a mis en place un Comit\u00e9 de Conformit\u00e9 et d&rsquo;Audit Groupe (avec comp\u00e9tence \u00e0 l&rsquo;\u00e9chelle du Groupe). Barilla a \u00e9tabli divers moyens de signaler les violations du Code d&rsquo;\u00c9thique par e-mail, une plateforme en ligne, des r\u00e9unions virtuelles ou en personne, ou de mani\u00e8re anonyme par \u00e9crit. Si Barilla d\u00e9termine qu&rsquo;une violation du Code d&rsquo;\u00c9thique s&rsquo;est produite, le comit\u00e9 transmettra un rapport de violation et toutes les suggestions appropri\u00e9es \u00e0 la haute direction de Barilla ou au d\u00e9partement concern\u00e9 par la violation. Le d\u00e9partement responsable du traitement des violations, en tenant compte de la loi applicable et du syst\u00e8me de sanctions de Barilla, d\u00e9finira les sanctions applicables, les mettra en \u0153uvre et fera rapport au comit\u00e9. <\/p>\n<h4><strong>Formation de l&rsquo;Entit\u00e9 <\/strong><\/h4>\n<p>Tous les employ\u00e9s et fournisseurs de Barilla sont tenus de conna\u00eetre, de comprendre et de respecter le Code d&rsquo;\u00c9thique de Barilla. Il \u00e9nonce des principes de comportement \u00e9thique et de bonne gouvernance. Ces principes incluent le respect des droits de l&rsquo;homme, la pr\u00e9vention de toute forme d&rsquo;exploitation des travailleurs (directe ou indirecte) et le respect de tous les droits des employ\u00e9s reconnus \u00e0 l&rsquo;\u00e9chelle internationale. Conform\u00e9ment \u00e0 ces principes, les employ\u00e9s et fournisseurs de Barilla sont tenus de respecter les lois des pays dans lesquels Barilla exerce ses activit\u00e9s, y compris les lois relatives \u00e0 l&rsquo;esclavage moderne et \u00e0 la traite des \u00eatres humains. <\/p>\n<h4><strong>\u00c9valuation de l&rsquo;Efficacit\u00e9 de l&rsquo;Entit\u00e9 <\/strong><\/h4>\n<p>Barilla a mis en place des canaux de communication pour que les parties concern\u00e9es puissent communiquer toute pr\u00e9occupation concernant le respect du Code d&rsquo;\u00c9thique et signaler toute violation de ses r\u00e8gles de conduite. Toute partie int\u00e9ress\u00e9e peut appeler de mani\u00e8re anonyme notre Syst\u00e8me de Signalement au (833) 573-1751, envoyer un e-mail \u00e0\u202f<a href=\"mailto:ethics_compliance@barilla.com\" style=\" border-bottom: 2px solid;\">ethics_compliance@barilla.com<\/a>, ou se connecter \u00e0 la Plateforme de Signalement de Barilla \u00e0 l&rsquo;adresse\u202f<a href=\"https:\/\/secure.ethicspoint.eu\/domain\/media\/en\/gui\/107752\/index.html\" target=\"_blank\" rel=\"noopener\" style=\"border-bottom: 2px solid;\">https:\/\/secure.ethicspoint.eu\/domain\/media\/en\/gui\/107752\/index.html<\/a> <\/p>\n<p>Nous continuerons \u00e0 examiner, \u00e0 renforcer, \u00e0 adapter et \u00e0 am\u00e9liorer ces syst\u00e8mes et contr\u00f4les. <\/p>\n<h4><strong>Approbation  <\/strong><\/h4>\n<p>Ce rapport a \u00e9t\u00e9 approuv\u00e9 par le conseil d&rsquo;administration de CMI le 21 mai 2025, et le conseil d&rsquo;administration de BCI le 21 mai 2025.  <\/p>\n<h4><strong>Sign\u00e9 par <\/strong><\/h4>\n<p>Nom: Roberto Sorensini<br \/>\nTitre: Vice President of Group Administrative Services<br \/>\nDate: 21 mai 2025<br \/>\nJ&rsquo;ai le pouvoir d&rsquo;engager Barilla Canada Inc. et Catelli Montr\u00e9al Inc. <\/p>","protected":false},"excerpt":{"rendered":"<p>Ce rapport est \u00e9tabli au nom de Barilla Canada, Inc. (\u00ab BCI \u00bb) et de Catelli Montr\u00e9al, Inc. (\u00ab CMI \u00bb) en vertu de l&rsquo;article 11 de la Loi sur la lutte contre le travail forc\u00e9 et le travail des enfants dans les cha\u00eenes d&rsquo;approvisionnement, couvrant l&rsquo;exercice financier du 1er janvier 2024 au 31 d\u00e9cembre [&#8230;]<\/p>\n<p><a class=\"btn btn-secondary understrap-read-more-link\" href=\"https:\/\/www.catelli.ca\/fr\/loi-de-lutte-contre-le-travail-force-et-le-travail-des-enfants-dans-les-chaines-dapprovisionnement\/\">Read More<\/a><\/p>\n","protected":false},"author":6,"featured_media":0,"parent":0,"menu_order":0,"comment_status":"closed","ping_status":"closed","template":"","meta":{"inline_featured_image":false},"acf":[],"yoast_head":"<!-- This site is optimized with the Yoast SEO plugin v20.13 - https:\/\/yoast.com\/wordpress\/plugins\/seo\/ -->\n<title>Loi de lutte contre le travail forc\u00e9 et le travail des enfants dans les cha\u00eenes d&#039;approvisionnement - CATELLI\u00ae<\/title>\n<meta name=\"robots\" content=\"index, follow, max-snippet:-1, max-image-preview:large, max-video-preview:-1\" \/>\n<link rel=\"canonical\" href=\"https:\/\/www.catelli.ca\/en\/fighting-against-forced-labour-and-child-labour-in-supply-chains-act\/\" \/>\n<meta property=\"og:locale\" content=\"fr_FR\" \/>\n<meta property=\"og:type\" content=\"article\" \/>\n<meta property=\"og:title\" content=\"Loi de lutte contre le travail forc\u00e9 et le travail des enfants dans les cha\u00eenes d&#039;approvisionnement - CATELLI\u00ae\" \/>\n<meta property=\"og:description\" content=\"Ce rapport est \u00e9tabli au nom de Barilla Canada, Inc. (\u00ab BCI \u00bb) et de Catelli Montr\u00e9al, Inc. (\u00ab CMI \u00bb) en vertu de l&rsquo;article 11 de la Loi sur la lutte contre le travail forc\u00e9 et le travail des enfants dans les cha\u00eenes d&rsquo;approvisionnement, couvrant l&rsquo;exercice financier du 1er janvier 2024 au 31 d\u00e9cembre [...]Read More\" \/>\n<meta property=\"og:url\" content=\"https:\/\/www.catelli.ca\/en\/fighting-against-forced-labour-and-child-labour-in-supply-chains-act\/\" \/>\n<meta property=\"og:site_name\" content=\"CATELLI\u00ae\" \/>\n<meta property=\"article:modified_time\" content=\"2025-06-04T07:38:22+00:00\" \/>\n<meta name=\"twitter:card\" content=\"summary_large_image\" \/>\n<meta name=\"twitter:label1\" content=\"Dur\u00e9e de lecture estim\u00e9e\" \/>\n\t<meta name=\"twitter:data1\" content=\"12 minutes\" \/>\n<script type=\"application\/ld+json\" class=\"yoast-schema-graph\">{\"@context\":\"https:\/\/schema.org\",\"@graph\":[{\"@type\":\"WebPage\",\"@id\":\"https:\/\/www.catelli.ca\/en\/fighting-against-forced-labour-and-child-labour-in-supply-chains-act\/\",\"url\":\"https:\/\/www.catelli.ca\/en\/fighting-against-forced-labour-and-child-labour-in-supply-chains-act\/\",\"name\":\"Loi de lutte contre le travail forc\u00e9 et le travail des enfants dans les cha\u00eenes d'approvisionnement - CATELLI\u00ae\",\"isPartOf\":{\"@id\":\"https:\/\/www.catelli.ca\/fr\/#website\"},\"datePublished\":\"2025-06-04T06:43:45+00:00\",\"dateModified\":\"2025-06-04T07:38:22+00:00\",\"breadcrumb\":{\"@id\":\"https:\/\/www.catelli.ca\/en\/fighting-against-forced-labour-and-child-labour-in-supply-chains-act\/#breadcrumb\"},\"inLanguage\":\"fr-FR\",\"potentialAction\":[{\"@type\":\"ReadAction\",\"target\":[\"https:\/\/www.catelli.ca\/en\/fighting-against-forced-labour-and-child-labour-in-supply-chains-act\/\"]}]},{\"@type\":\"BreadcrumbList\",\"@id\":\"https:\/\/www.catelli.ca\/en\/fighting-against-forced-labour-and-child-labour-in-supply-chains-act\/#breadcrumb\",\"itemListElement\":[{\"@type\":\"ListItem\",\"position\":1,\"name\":\"Home\",\"item\":\"https:\/\/www.catelli.ca\/en\/\"},{\"@type\":\"ListItem\",\"position\":2,\"name\":\"Fighting Against Forced Labour and Child Labour in Supply Chains Act\"}]},{\"@type\":\"WebSite\",\"@id\":\"https:\/\/www.catelli.ca\/fr\/#website\",\"url\":\"https:\/\/www.catelli.ca\/fr\/\",\"name\":\"CATELLI\u00ae\",\"description\":\"\",\"publisher\":{\"@id\":\"https:\/\/www.catelli.ca\/fr\/#organization\"},\"potentialAction\":[{\"@type\":\"SearchAction\",\"target\":{\"@type\":\"EntryPoint\",\"urlTemplate\":\"https:\/\/www.catelli.ca\/fr\/?s={search_term_string}\"},\"query-input\":\"required name=search_term_string\"}],\"inLanguage\":\"fr-FR\"},{\"@type\":\"Organization\",\"@id\":\"https:\/\/www.catelli.ca\/fr\/#organization\",\"name\":\"CATELLI\u00ae\",\"url\":\"https:\/\/www.catelli.ca\/fr\/\",\"logo\":{\"@type\":\"ImageObject\",\"inLanguage\":\"fr-FR\",\"@id\":\"https:\/\/www.catelli.ca\/fr\/#\/schema\/logo\/image\/\",\"url\":\"https:\/\/www.catelli.ca\/wp-content\/uploads\/2022\/04\/Catelli_White-1-1-1.png\",\"contentUrl\":\"https:\/\/www.catelli.ca\/wp-content\/uploads\/2022\/04\/Catelli_White-1-1-1.png\",\"width\":230,\"height\":52,\"caption\":\"CATELLI\u00ae\"},\"image\":{\"@id\":\"https:\/\/www.catelli.ca\/fr\/#\/schema\/logo\/image\/\"}}]}<\/script>\n<!-- \/ Yoast SEO plugin. -->","yoast_head_json":{"title":"Loi de lutte contre le travail forc\u00e9 et le travail des enfants dans les cha\u00eenes d'approvisionnement - CATELLI\u00ae","robots":{"index":"index","follow":"follow","max-snippet":"max-snippet:-1","max-image-preview":"max-image-preview:large","max-video-preview":"max-video-preview:-1"},"canonical":"https:\/\/www.catelli.ca\/en\/fighting-against-forced-labour-and-child-labour-in-supply-chains-act\/","og_locale":"fr_FR","og_type":"article","og_title":"Loi de lutte contre le travail forc\u00e9 et le travail des enfants dans les cha\u00eenes d'approvisionnement - CATELLI\u00ae","og_description":"Ce rapport est \u00e9tabli au nom de Barilla Canada, Inc. (\u00ab BCI \u00bb) et de Catelli Montr\u00e9al, Inc. (\u00ab CMI \u00bb) en vertu de l&rsquo;article 11 de la Loi sur la lutte contre le travail forc\u00e9 et le travail des enfants dans les cha\u00eenes d&rsquo;approvisionnement, couvrant l&rsquo;exercice financier du 1er janvier 2024 au 31 d\u00e9cembre [...]Read More","og_url":"https:\/\/www.catelli.ca\/en\/fighting-against-forced-labour-and-child-labour-in-supply-chains-act\/","og_site_name":"CATELLI\u00ae","article_modified_time":"2025-06-04T07:38:22+00:00","twitter_card":"summary_large_image","twitter_misc":{"Dur\u00e9e de lecture estim\u00e9e":"12 minutes"},"schema":{"@context":"https:\/\/schema.org","@graph":[{"@type":"WebPage","@id":"https:\/\/www.catelli.ca\/en\/fighting-against-forced-labour-and-child-labour-in-supply-chains-act\/","url":"https:\/\/www.catelli.ca\/en\/fighting-against-forced-labour-and-child-labour-in-supply-chains-act\/","name":"Loi de lutte contre le travail forc\u00e9 et le travail des enfants dans les cha\u00eenes d'approvisionnement - CATELLI\u00ae","isPartOf":{"@id":"https:\/\/www.catelli.ca\/fr\/#website"},"datePublished":"2025-06-04T06:43:45+00:00","dateModified":"2025-06-04T07:38:22+00:00","breadcrumb":{"@id":"https:\/\/www.catelli.ca\/en\/fighting-against-forced-labour-and-child-labour-in-supply-chains-act\/#breadcrumb"},"inLanguage":"fr-FR","potentialAction":[{"@type":"ReadAction","target":["https:\/\/www.catelli.ca\/en\/fighting-against-forced-labour-and-child-labour-in-supply-chains-act\/"]}]},{"@type":"BreadcrumbList","@id":"https:\/\/www.catelli.ca\/en\/fighting-against-forced-labour-and-child-labour-in-supply-chains-act\/#breadcrumb","itemListElement":[{"@type":"ListItem","position":1,"name":"Home","item":"https:\/\/www.catelli.ca\/en\/"},{"@type":"ListItem","position":2,"name":"Fighting Against Forced Labour and Child Labour in Supply Chains Act"}]},{"@type":"WebSite","@id":"https:\/\/www.catelli.ca\/fr\/#website","url":"https:\/\/www.catelli.ca\/fr\/","name":"CATELLI\u00ae","description":"","publisher":{"@id":"https:\/\/www.catelli.ca\/fr\/#organization"},"potentialAction":[{"@type":"SearchAction","target":{"@type":"EntryPoint","urlTemplate":"https:\/\/www.catelli.ca\/fr\/?s={search_term_string}"},"query-input":"required name=search_term_string"}],"inLanguage":"fr-FR"},{"@type":"Organization","@id":"https:\/\/www.catelli.ca\/fr\/#organization","name":"CATELLI\u00ae","url":"https:\/\/www.catelli.ca\/fr\/","logo":{"@type":"ImageObject","inLanguage":"fr-FR","@id":"https:\/\/www.catelli.ca\/fr\/#\/schema\/logo\/image\/","url":"https:\/\/www.catelli.ca\/wp-content\/uploads\/2022\/04\/Catelli_White-1-1-1.png","contentUrl":"https:\/\/www.catelli.ca\/wp-content\/uploads\/2022\/04\/Catelli_White-1-1-1.png","width":230,"height":52,"caption":"CATELLI\u00ae"},"image":{"@id":"https:\/\/www.catelli.ca\/fr\/#\/schema\/logo\/image\/"}}]}},"_links":{"self":[{"href":"https:\/\/www.catelli.ca\/fr\/wp-json\/wp\/v2\/pages\/8816"}],"collection":[{"href":"https:\/\/www.catelli.ca\/fr\/wp-json\/wp\/v2\/pages"}],"about":[{"href":"https:\/\/www.catelli.ca\/fr\/wp-json\/wp\/v2\/types\/page"}],"author":[{"embeddable":true,"href":"https:\/\/www.catelli.ca\/fr\/wp-json\/wp\/v2\/users\/6"}],"replies":[{"embeddable":true,"href":"https:\/\/www.catelli.ca\/fr\/wp-json\/wp\/v2\/comments?post=8816"}],"version-history":[{"count":15,"href":"https:\/\/www.catelli.ca\/fr\/wp-json\/wp\/v2\/pages\/8816\/revisions"}],"predecessor-version":[{"id":8837,"href":"https:\/\/www.catelli.ca\/fr\/wp-json\/wp\/v2\/pages\/8816\/revisions\/8837"}],"wp:attachment":[{"href":"https:\/\/www.catelli.ca\/fr\/wp-json\/wp\/v2\/media?parent=8816"}],"curies":[{"name":"wp","href":"https:\/\/api.w.org\/{rel}","templated":true}]}}